{"id":713,"date":"2017-06-06T15:02:09","date_gmt":"2017-06-06T15:02:09","guid":{"rendered":"http:\/\/www.drscottgreen.com\/?page_id=713"},"modified":"2019-04-26T09:20:28","modified_gmt":"2019-04-26T17:20:28","slug":"abdominoplastia","status":"publish","type":"page","link":"https:\/\/www.drscottgreen.com\/es\/abdominoplastia\/","title":{"rendered":"Abdominoplastia"},"content":{"rendered":"<h2 class=\"h1\">El arte de la cirug\u00eda pl\u00e1stica<\/h2>\n<div class=\"u-text--lg\">\n<p>La habilidad quir\u00fargica se puede aprender, pero el arte quir\u00fargico es algo con lo que una persona debe nacer. El Dr. Scott Green tiene una comprensi\u00f3n est\u00e9tica y anat\u00f3mica innata necesaria para entregar resultados de m\u00e1xima trascendencia a todos sus pacientes. Al aplicar su irrefutable entendimiento de la belleza y las innovadoras t\u00e9cnicas quir\u00fargicas, el Dr. Green modela los contornos de sus pacientes para lograr el resultado m\u00e1s deslumbrante y personalizado.<\/p><p><em>\u201cCada bloque de piedra tiene una estatua en su interior y es tarea del escultor descubrirla\u201d. &#8211; Michelangelo di Lodovico Buonarroti Simoni<\/em><\/p>\n<\/div>\n","protected":false},"excerpt":{"rendered":"<p>El arte de la cirug\u00eda pl\u00e1stica La habilidad quir\u00fargica se puede aprender, pero el arte quir\u00fargico es algo con lo que una persona debe nacer. El Dr. Scott Green tiene una comprensi\u00f3n est\u00e9tica y anat\u00f3mica innata necesaria para entregar resultados de m\u00e1xima trascendencia a todos sus pacientes. Al aplicar su irrefutable entendimiento de la belleza [&hellip;]<\/p>\n","protected":false},"author":1,"featured_media":7208,"parent":0,"menu_order":0,"comment_status":"closed","ping_status":"closed","template":"_templates\/template-premium.php","meta":{"_acf_changed":false,"footnotes":""},"class_list":["post-713","page","type-page","status-publish","has-post-thumbnail","hentry"],"acf":[],"yoast_head":"<!-- This site is optimized with the Yoast SEO plugin v24.0 - https:\/\/yoast.com\/wordpress\/plugins\/seo\/ -->\n<title>Abdominoplastia - Sacramento &amp; Granite Bay - Dr. Scott Green<\/title>\n<meta name=\"description\" content=\"Una abdominoplastia puede mejorar su apariencia general y mejorar significativamente su autoestima al apretar sus m\u00fasculos abdominales y deshacerse de la grasa no deseada.\" \/>\n<meta name=\"robots\" content=\"index, follow, max-snippet:-1, max-image-preview:large, max-video-preview:-1\" \/>\n<link rel=\"canonical\" href=\"https:\/\/www.drscottgreen.com\/es\/abdominoplastia\/\" \/>\n<meta property=\"og:locale\" content=\"es_ES\" \/>\n<meta property=\"og:type\" content=\"article\" \/>\n<meta property=\"og:title\" content=\"Abdominoplastia - Sacramento &amp; Granite Bay - Dr. Scott Green\" \/>\n<meta property=\"og:description\" content=\"Una abdominoplastia puede mejorar su apariencia general y mejorar significativamente su autoestima al apretar sus m\u00fasculos abdominales y deshacerse de la grasa no deseada.\" \/>\n<meta property=\"og:url\" content=\"https:\/\/www.drscottgreen.com\/es\/abdominoplastia\/\" \/>\n<meta property=\"og:site_name\" content=\"Dr. Scott Green\" \/>\n<meta property=\"article:modified_time\" content=\"2019-04-26T17:20:28+00:00\" \/>\n<meta property=\"og:image\" content=\"https:\/\/www.drscottgreen.com\/es\/wp-content\/uploads\/2018\/01\/hero-tummy-tuck.png\" \/>\n\t<meta property=\"og:image:width\" content=\"1600\" \/>\n\t<meta property=\"og:image:height\" content=\"1073\" \/>\n\t<meta property=\"og:image:type\" content=\"image\/png\" \/>\n<meta name=\"twitter:card\" content=\"summary_large_image\" \/>\n<meta name=\"twitter:label1\" content=\"Tiempo de lectura\" \/>\n\t<meta name=\"twitter:data1\" content=\"1 minuto\" \/>\n<script type=\"application\/ld+json\" class=\"yoast-schema-graph\">{\"@context\":\"https:\/\/schema.org\",\"@graph\":[{\"@type\":\"WebPage\",\"@id\":\"https:\/\/www.drscottgreen.com\/es\/abdominoplastia\/\",\"url\":\"https:\/\/www.drscottgreen.com\/es\/abdominoplastia\/\",\"name\":\"Abdominoplastia - Sacramento & Granite Bay - Dr. Scott Green\",\"isPartOf\":{\"@id\":\"https:\/\/www.drscottgreen.com\/es\/#website\"},\"primaryImageOfPage\":{\"@id\":\"https:\/\/www.drscottgreen.com\/es\/abdominoplastia\/#primaryimage\"},\"image\":{\"@id\":\"https:\/\/www.drscottgreen.com\/es\/abdominoplastia\/#primaryimage\"},\"thumbnailUrl\":\"https:\/\/www.drscottgreen.com\/es\/wp-content\/uploads\/2018\/01\/hero-tummy-tuck.png\",\"datePublished\":\"2017-06-06T15:02:09+00:00\",\"dateModified\":\"2019-04-26T17:20:28+00:00\",\"description\":\"Una abdominoplastia puede mejorar su apariencia general y mejorar significativamente su autoestima al apretar sus m\u00fasculos abdominales y deshacerse de la grasa no deseada.\",\"breadcrumb\":{\"@id\":\"https:\/\/www.drscottgreen.com\/es\/abdominoplastia\/#breadcrumb\"},\"inLanguage\":\"es\",\"potentialAction\":[{\"@type\":\"ReadAction\",\"target\":[\"https:\/\/www.drscottgreen.com\/es\/abdominoplastia\/\"]}]},{\"@type\":\"ImageObject\",\"inLanguage\":\"es\",\"@id\":\"https:\/\/www.drscottgreen.com\/es\/abdominoplastia\/#primaryimage\",\"url\":\"https:\/\/www.drscottgreen.com\/es\/wp-content\/uploads\/2018\/01\/hero-tummy-tuck.png\",\"contentUrl\":\"https:\/\/www.drscottgreen.com\/es\/wp-content\/uploads\/2018\/01\/hero-tummy-tuck.png\",\"width\":1600,\"height\":1073},{\"@type\":\"BreadcrumbList\",\"@id\":\"https:\/\/www.drscottgreen.com\/es\/abdominoplastia\/#breadcrumb\",\"itemListElement\":[{\"@type\":\"ListItem\",\"position\":1,\"name\":\"Home\",\"item\":\"https:\/\/www.drscottgreen.com\/es\/\"},{\"@type\":\"ListItem\",\"position\":2,\"name\":\"Abdominoplastia\"}]},{\"@type\":\"WebSite\",\"@id\":\"https:\/\/www.drscottgreen.com\/es\/#website\",\"url\":\"https:\/\/www.drscottgreen.com\/es\/\",\"name\":\"Dr. Scott Green\",\"description\":\"Dr. Scott Green, Board Certified Plastic Surgeon\",\"potentialAction\":[{\"@type\":\"SearchAction\",\"target\":{\"@type\":\"EntryPoint\",\"urlTemplate\":\"https:\/\/www.drscottgreen.com\/es\/?s={search_term_string}\"},\"query-input\":{\"@type\":\"PropertyValueSpecification\",\"valueRequired\":true,\"valueName\":\"search_term_string\"}}],\"inLanguage\":\"es\"}]}<\/script>\n<!-- \/ Yoast SEO plugin. -->","yoast_head_json":{"title":"Abdominoplastia - Sacramento & Granite Bay - Dr. Scott Green","description":"Una abdominoplastia puede mejorar su apariencia general y mejorar significativamente su autoestima al apretar sus m\u00fasculos abdominales y deshacerse de la grasa no deseada.","robots":{"index":"index","follow":"follow","max-snippet":"max-snippet:-1","max-image-preview":"max-image-preview:large","max-video-preview":"max-video-preview:-1"},"canonical":"https:\/\/www.drscottgreen.com\/es\/abdominoplastia\/","og_locale":"es_ES","og_type":"article","og_title":"Abdominoplastia - Sacramento & Granite Bay - Dr. Scott Green","og_description":"Una abdominoplastia puede mejorar su apariencia general y mejorar significativamente su autoestima al apretar sus m\u00fasculos abdominales y deshacerse de la grasa no deseada.","og_url":"https:\/\/www.drscottgreen.com\/es\/abdominoplastia\/","og_site_name":"Dr. Scott Green","article_modified_time":"2019-04-26T17:20:28+00:00","og_image":[{"width":1600,"height":1073,"url":"https:\/\/www.drscottgreen.com\/es\/wp-content\/uploads\/2018\/01\/hero-tummy-tuck.png","type":"image\/png"}],"twitter_card":"summary_large_image","twitter_misc":{"Tiempo de lectura":"1 minuto"},"schema":{"@context":"https:\/\/schema.org","@graph":[{"@type":"WebPage","@id":"https:\/\/www.drscottgreen.com\/es\/abdominoplastia\/","url":"https:\/\/www.drscottgreen.com\/es\/abdominoplastia\/","name":"Abdominoplastia - Sacramento & Granite Bay - Dr. Scott Green","isPartOf":{"@id":"https:\/\/www.drscottgreen.com\/es\/#website"},"primaryImageOfPage":{"@id":"https:\/\/www.drscottgreen.com\/es\/abdominoplastia\/#primaryimage"},"image":{"@id":"https:\/\/www.drscottgreen.com\/es\/abdominoplastia\/#primaryimage"},"thumbnailUrl":"https:\/\/www.drscottgreen.com\/es\/wp-content\/uploads\/2018\/01\/hero-tummy-tuck.png","datePublished":"2017-06-06T15:02:09+00:00","dateModified":"2019-04-26T17:20:28+00:00","description":"Una abdominoplastia puede mejorar su apariencia general y mejorar significativamente su autoestima al apretar sus m\u00fasculos abdominales y deshacerse de la grasa no deseada.","breadcrumb":{"@id":"https:\/\/www.drscottgreen.com\/es\/abdominoplastia\/#breadcrumb"},"inLanguage":"es","potentialAction":[{"@type":"ReadAction","target":["https:\/\/www.drscottgreen.com\/es\/abdominoplastia\/"]}]},{"@type":"ImageObject","inLanguage":"es","@id":"https:\/\/www.drscottgreen.com\/es\/abdominoplastia\/#primaryimage","url":"https:\/\/www.drscottgreen.com\/es\/wp-content\/uploads\/2018\/01\/hero-tummy-tuck.png","contentUrl":"https:\/\/www.drscottgreen.com\/es\/wp-content\/uploads\/2018\/01\/hero-tummy-tuck.png","width":1600,"height":1073},{"@type":"BreadcrumbList","@id":"https:\/\/www.drscottgreen.com\/es\/abdominoplastia\/#breadcrumb","itemListElement":[{"@type":"ListItem","position":1,"name":"Home","item":"https:\/\/www.drscottgreen.com\/es\/"},{"@type":"ListItem","position":2,"name":"Abdominoplastia"}]},{"@type":"WebSite","@id":"https:\/\/www.drscottgreen.com\/es\/#website","url":"https:\/\/www.drscottgreen.com\/es\/","name":"Dr. Scott Green","description":"Dr. Scott Green, Board Certified Plastic Surgeon","potentialAction":[{"@type":"SearchAction","target":{"@type":"EntryPoint","urlTemplate":"https:\/\/www.drscottgreen.com\/es\/?s={search_term_string}"},"query-input":{"@type":"PropertyValueSpecification","valueRequired":true,"valueName":"search_term_string"}}],"inLanguage":"es"}]}},"_links":{"self":[{"href":"https:\/\/www.drscottgreen.com\/es\/wp-json\/wp\/v2\/pages\/713","targetHints":{"allow":["GET"]}}],"collection":[{"href":"https:\/\/www.drscottgreen.com\/es\/wp-json\/wp\/v2\/pages"}],"about":[{"href":"https:\/\/www.drscottgreen.com\/es\/wp-json\/wp\/v2\/types\/page"}],"author":[{"embeddable":true,"href":"https:\/\/www.drscottgreen.com\/es\/wp-json\/wp\/v2\/users\/1"}],"replies":[{"embeddable":true,"href":"https:\/\/www.drscottgreen.com\/es\/wp-json\/wp\/v2\/comments?post=713"}],"version-history":[{"count":5,"href":"https:\/\/www.drscottgreen.com\/es\/wp-json\/wp\/v2\/pages\/713\/revisions"}],"predecessor-version":[{"id":11799,"href":"https:\/\/www.drscottgreen.com\/es\/wp-json\/wp\/v2\/pages\/713\/revisions\/11799"}],"wp:featuredmedia":[{"embeddable":true,"href":"https:\/\/www.drscottgreen.com\/es\/wp-json\/wp\/v2\/media\/7208"}],"wp:attachment":[{"href":"https:\/\/www.drscottgreen.com\/es\/wp-json\/wp\/v2\/media?parent=713"}],"curies":[{"name":"wp","href":"https:\/\/api.w.org\/{rel}","templated":true}]}}