{"id":654,"date":"2017-06-06T14:19:26","date_gmt":"2017-06-06T14:19:26","guid":{"rendered":"http:\/\/www.drscottgreen.com\/?page_id=654"},"modified":"2019-04-26T09:19:51","modified_gmt":"2019-04-26T17:19:51","slug":"historias-de-pacientes","status":"publish","type":"page","link":"https:\/\/www.drscottgreen.com\/es\/acerca-del-dr-green\/historias-de-pacientes\/","title":{"rendered":"Historias de pacientes"},"content":{"rendered":"<p><img loading=\"lazy\" decoding=\"async\" class=\"alignright size-full wp-image-655\" src=\"https:\/\/www.drscottgreen.com\/es\/wp-content\/uploads\/2017\/06\/image-operation-1.jpg\" alt=\"\" width=\"250\" height=\"178\" srcset=\"https:\/\/www.drscottgreen.com\/es\/wp-content\/uploads\/2017\/06\/image-operation-1.jpg 250w, https:\/\/www.drscottgreen.com\/es\/wp-content\/uploads\/2017\/06\/image-operation-1-75x53.jpg 75w, https:\/\/www.drscottgreen.com\/es\/wp-content\/uploads\/2017\/06\/image-operation-1-56x40.jpg 56w, https:\/\/www.drscottgreen.com\/es\/wp-content\/uploads\/2017\/06\/image-operation-1-38x27.jpg 38w\" sizes=\"auto, (max-width: 250px) 100vw, 250px\" \/>Cuando ten\u00eda 18\u00a0a\u00f1os, lo \u00faltimo que quer\u00eda hacer era admitir que mis senos hab\u00edan comenzado a caerse, pero a medida que el problema avanzaba, solo pod\u00eda sentirme m\u00e1s avergonzada e inc\u00f3moda con mi apariencia f\u00edsica.<\/p>\n<p>Cuando ten\u00eda 26, estaba lista para abordar este problema y considerar opciones de cirug\u00eda pl\u00e1stica. Como se trataba de un asunto tan privado, ten\u00eda dudas sobre c\u00f3mo abordar el tema con cualquier persona, pero finalmente me abr\u00ed con mis familiares y amigos.<\/p>\n<p>A pesar de mi propia investigaci\u00f3n y varias consultas, no me sent\u00ed con esperanzas ni segura de la idea de someterme a una cirug\u00eda pl\u00e1stica cosm\u00e9tica en Sacramento hasta que conoc\u00ed al Dr. Scott Green. El doctor fue muy claro y me dio mucha informaci\u00f3n sin ser abrumador. Adem\u00e1s, el Dr. Green fue muy delicado, como yo, al analizar la opci\u00f3n de un levantamiento o un <a href=\"https:\/\/www.drscottgreen.com\/es\/aumento-de-senos\/\">aumento de senos<\/a>. En su consultorio de Sacramento, decidimos juntos que el plan m\u00e1s eficaz era levantar los senos para mantener un aspecto y una sensaci\u00f3n naturales con cicatrices m\u00ednimas. A m\u00ed me signific\u00f3 una incisi\u00f3n en medialuna a trav\u00e9s del pez\u00f3n con un implante de silicona debajo del m\u00fasculo.<\/p>\n<p>El Dr. Green se tom\u00f3 el tiempo de buscar una fotograf\u00eda de archivo que mostrar\u00eda mejor los resultados esperados de mi cirug\u00eda. Esto, adem\u00e1s de ver la \u00absutura perfecta\u00bb del Dr. Green en una paciente amiga de la familia, me ayud\u00f3 a tomar la decisi\u00f3n. Finalmente, el profesionalismo del personal administrativo y del consultorio garantiz\u00f3 que mi experiencia fuera impecable.<\/p>\n<p>Gracias a la habilidad del Dr. Green y a la personalizaci\u00f3n de cada detalle de mi cirug\u00eda, se cumplieron todas mis expectativas.<\/p>\n<p>Atentamente.<\/p>\n<p>C.<\/p>\n<p>* Los resultados individuales pueden variar.\u00a0*<\/p>\n<hr \/>\n<p>Hace 15\u00a0a\u00f1os que me quer\u00eda realizar una cirug\u00eda pl\u00e1stica en el rostro.<\/p>\n<p>Hab\u00eda hablado con algunos cirujanos y no me sent\u00ed lo suficientemente c\u00f3moda para seguir adelante.<\/p>\n<p>Me reun\u00ed con el Dr. Green para analizar mis opciones en febrero. Me explic\u00f3 de manera completa los procedimientos que necesitar\u00eda y lo que deb\u00eda esperar despu\u00e9s de la cirug\u00eda. Me sent\u00ed en total comodidad con el Dr Green y su fabuloso personal, y program\u00e9 mi cirug\u00eda de inmediato.<\/p>\n<p>Me realic\u00e9 un estiramiento de cuello, un levantamiento de cejas y un retiro de exceso de piel de mis p\u00e1rpados superiores e inferiores. Sent\u00ed molestias los primeros d\u00edas despu\u00e9s de la cirug\u00eda, pero nunca sent\u00ed dolor.<\/p>\n<p>Todos mis amigos dicen que parezco 20\u00a0a\u00f1os m\u00e1s joven y adem\u00e1s me siento 20\u00a0a\u00f1os m\u00e1s joven.<\/p>\n<p>Mi esposo me dice todos los d\u00edas lo bien que me veo. Ahora \u00e9l tambi\u00e9n decidi\u00f3 hacerse un estiramiento facial.<\/p>\n<p>Fue la mejor experiencia de mi vida.<\/p>\n<p>L.H.<\/p>\n<p>* Los resultados individuales pueden variar.\u00a0*<\/p>\n<hr \/>\n<p><img loading=\"lazy\" decoding=\"async\" class=\"alignleft size-full wp-image-656\" src=\"https:\/\/www.drscottgreen.com\/es\/wp-content\/uploads\/2017\/06\/image-operation-2.jpg\" alt=\"\" width=\"250\" height=\"178\" srcset=\"https:\/\/www.drscottgreen.com\/es\/wp-content\/uploads\/2017\/06\/image-operation-2.jpg 250w, https:\/\/www.drscottgreen.com\/es\/wp-content\/uploads\/2017\/06\/image-operation-2-75x53.jpg 75w, https:\/\/www.drscottgreen.com\/es\/wp-content\/uploads\/2017\/06\/image-operation-2-56x40.jpg 56w, https:\/\/www.drscottgreen.com\/es\/wp-content\/uploads\/2017\/06\/image-operation-2-38x27.jpg 38w\" sizes=\"auto, (max-width: 250px) 100vw, 250px\" \/>Estimado Dr. Green:<\/p>\n<p>Quer\u00eda escribirle para expresar mi gratitud por el trabajo maravilloso que usted y su equipo han realizado conmigo en el \u00faltimo a\u00f1o. Como paciente g\u00e1strico, he luchado con mi peso y mi imagen personal durante muchos a\u00f1os, una manera muy dolorosa de vivir mi vida.<\/p>\n<p>Despu\u00e9s de perder peso con una cirug\u00eda g\u00e1strica, me quedaron muchos colgajos de piel que me hac\u00edan sentir inc\u00f3moda.<\/p>\n<p>Mi amiga B\u00e1rbara, quien tambi\u00e9n es paciente g\u00e1strica, hab\u00eda trabajado con usted y su personal, y solo ten\u00eda comentarios excelentes sobre su tratamiento y los resultados. Eso me inspir\u00f3 a darme la oportunidad y abordar mis problemas relacionados al peso final.<\/p>\n<p>Ahora, despu\u00e9s de la abdominoplastia, el levantamiento de senos, el estiramiento de brazos, el levantamiento de muslos y gl\u00fateos, soy una mujer nueva. Me dijeron que parezco 15\u00a0a\u00f1os m\u00e1s joven, y realmente disfruto de los cumplidos y la atenci\u00f3n que recibo. Finalmente, estoy disfrutando mi vida y la estoy pasando excelente.<\/p>\n<p>Durante todo el proceso, realmente valor\u00e9 su amabilidad y su sensibilidad con los problemas de mi cuerpo. Fue cuidadoso al aconsejarme la mejor estrategia de tratamiento para lograr los mejores resultados, y estoy fascinada con el resultado final. Usted y su personal fueron c\u00e1lidos y pacientes conmigo, me explicaron claramente qu\u00e9 pod\u00eda esperar y me brindaron mucha contenci\u00f3n con las inquietudes que ten\u00eda. Enfrent\u00e9 el proceso con m\u00e1s confianza porque sent\u00ed que ten\u00eda bastante claro qu\u00e9 pod\u00eda esperar.<\/p>\n<p>Esa cantidad de procedimientos de cirug\u00eda est\u00e9tica es un desaf\u00edo, en el mejor de los casos, pero los resultados lo valen.<\/p>\n<p>\u00a1Millones de gracias a usted y a su personal! Finalmente soy feliz y estoy en paz conmigo misma. Se trata de un regalo extra\u00f1o. Adjunto una foto m\u00eda en Las Vegas&#8230; Nada mal para tener 51 a\u00f1os, \u00bfverdad?<\/p>\n<p>Atentamente.<\/p>\n<p>M.R.<\/p>\n<p>* Los resultados individuales pueden variar.\u00a0*<\/p>\n<hr \/>\n<p>Estimado Dr. Green:<\/p>\n<p>Le escribo esta carta para agradecerle por su talento y su sanaci\u00f3n.<\/p>\n<p>Usted, junto con Teresa Andrews, Kelly y Rosie, y un enfermero quir\u00fargico muy amable que coloc\u00f3 mi IV (enfermero registrado de la costa Este que tambi\u00e9n es masajista terapeuta), no recuerdo su nombre.<\/p>\n<p>Usted y su personal han sido tan amables que sent\u00ed seguridad. Todos parec\u00edan interesarse por m\u00ed y eso significa mucho.<\/p>\n<p>La cirug\u00eda fue fant\u00e1stica, me veo genial y soy muy feliz.<\/p>\n<p>Hay tantos momentos en la vida en que no nos damos cuenta de c\u00f3mo influimos en alguien&#8230; Ustedes han sido tan amables y bondadosos.<\/p>\n<p>Gracias por hacer que sea posible. Usted es un gran hombre adem\u00e1s de m\u00e9dico, Dr. Green.<\/p>\n<p>Con gratitud. Much\u00edsimas gracias a todos.<\/p>\n<p>B.H.C., C.M.T.<\/p>\n<p>* Los resultados individuales pueden variar.\u00a0*<\/p>\n<hr \/>\n<p>Estimado Dr. Green:<\/p>\n<p>Cuando me despert\u00e9 esa ma\u00f1ana, me sent\u00ed \u00abnormal\u00bb y femenina de nuevo. No puedo creer el \u00e9xito de las operaciones.<\/p>\n<p>Me siento tan agradecida porque me ayudaron a tener una segunda oportunidad. Nunca olvidar\u00e9 nuestro primer encuentro, sus palabras amables y su mirada intensa que me dieron la seguridad de que estaba en buenas manos.<\/p>\n<p>No hay palabras para expresar cu\u00e1nto aprecio su dedicaci\u00f3n durante el proceso. Ha sido un m\u00e9dico asombroso y una persona sincera.<\/p>\n<p>Adjunto un peque\u00f1o presente para usted como ejemplo de mi aprecio.<\/p>\n<p>Quiz\u00e1s alg\u00fan d\u00eda vaya a Inglaterra con su familia y disfrute el \u00ablado r\u00e1pido\u00bb de Gran Breta\u00f1a. Espero que s\u00ed; pasar\u00e1n un gran momento.<\/p>\n<p>Un afectuoso saludo.<\/p>\n<p>P.<\/p>\n<p>* Los resultados individuales pueden variar.\u00a0*<\/p>\n<hr \/>\n<p>Estimado Sr. Ross:<\/p>\n<p>Esta carta es para elogiar al Dr. Scott Green por su trabajo como cirujano.<\/p>\n<p>No solamente es un m\u00e9dico habilidoso y conocedor, sino que su conducta profesional es sobresaliente.<\/p>\n<p>Siempre muestra preocupaci\u00f3n y comprensi\u00f3n, y se comunica de una manera que me hace sentir en total comodidad y a gusto. Es un gran motivador y se toma el tiempo de ayudarme con temas relacionados con mi salud general, adem\u00e1s de ayudarme con la cirug\u00eda pl\u00e1stica que realiz\u00f3. Siempre est\u00e1 dispuesto a hacer un poco m\u00e1s en pos de mi bienestar. Hizo el esfuerzo especial de ayudarme mientras yo luchaba contra varios c\u00e1nceres.<\/p>\n<p>Fue fundamental para que yo pudiera mantener una actitud positiva al enfrentarme a varios desaf\u00edos de salud.<\/p>\n<p>Siento que ha sido un regalo para m\u00ed, tanto profesional como personalmente. Siempre se hace el tiempo de verificar que reciba toda la atenci\u00f3n que necesito. Debo destacar su personalidad fuerte que lo convierte en una persona sobresaliente y sus habilidades profesionales que lo hacen un cirujano verdaderamente bueno.<\/p>\n<p>El Dr. Green realmente es muy valioso para el Centro de Cirug\u00eda Pl\u00e1stica de Sacramento, y para todos los pacientes y colegas.<\/p>\n<p>Atentamente.<\/p>\n<p>J.S.<\/p>\n<p>* Los resultados individuales pueden variar.\u00a0*<\/p>\n<hr \/>\n<p>Cuando me enfrent\u00e9 al diagn\u00f3stico de c\u00e1ncer de senos, me sent\u00ed destruida y aterrorizada.<\/p>\n<p>La tumorectom\u00eda no resolvi\u00f3 el problema y me enfrent\u00e9 a una mastectom\u00eda. Opt\u00e9 por la reconstrucci\u00f3n inmediata y eleg\u00ed al Dr. Scott Green como mi cirujano pl\u00e1stico. Nunca me arrepent\u00ed.<\/p>\n<p>El Dr. Green fue fundamental en mi decisi\u00f3n de tener una doble mastectom\u00eda, ya que mi c\u00e1ncer de senos era del tipo que suele repetirse en el otro seno. Comprendi\u00f3 que se trataba de una decisi\u00f3n muy dif\u00edcil desde el punto de vista emocional para m\u00ed, lo consult\u00f3 conmigo y con mi hija, y explic\u00f3 en gran detalle qu\u00e9 pod\u00eda esperar. No me dio falsas esperanzas, sino que me dio informaci\u00f3n precisa.<\/p>\n<p>No sab\u00eda qu\u00e9 esperar porque el primer m\u00e9dico a quien consult\u00e9 me dio un panorama muy sombr\u00edo. El Dr. Green fue muy franco, indic\u00f3 que lo har\u00eda \u00ablo m\u00e1s parecido posible a lo real\u00bb, pero admiti\u00f3 que no quedar\u00edan igual que antes. Sabe lo devastador que es para una mujer y dijo que, si le pasara a su propia esposa, le aconsejar\u00eda que no se someta a una reconstrucci\u00f3n.<\/p>\n<p>Mi experiencia m\u00e1s frustrante fue vivir con los expansores de tejido, ya que uno era m\u00e1s alto que el otro. Estaba convencida de que ser\u00edan asim\u00e9tricas para siempre, pero el Dr. Green me asegur\u00f3 que el resultado final ser\u00eda bueno. \u00a1Y ten\u00eda raz\u00f3n! Tambi\u00e9n me permiti\u00f3 expresar mi preferencia en cuanto al tama\u00f1o del busto, porque siempre quise que sea m\u00e1s peque\u00f1o.<\/p>\n<p>Desde el principio, sent\u00ed calidez y atenci\u00f3n genuina de parte del Dr. Green. Debido a otras crisis de salud que interfirieron con mi tratamiento, la experiencia dur\u00f3 18\u00a0meses. Durante ese tiempo, pude entablar una buena relaci\u00f3n con mi m\u00e9dico y su personal. Desde la programaci\u00f3n de las cirug\u00edas (que fueron varias) con Andi Brewer hasta el cuidado posoperatorio, la experiencia fue muy positiva.<\/p>\n<p>Cuando estuve lista para la reconstrucci\u00f3n de los pezones, el Dr. Green y su asistente Mo me dejaron decidir la colocaci\u00f3n y el color, lo que me permiti\u00f3 participar del resultado final. Finalmente, me siento completa de nuevo y estoy muy feliz con los resultados. \u00a1Me siento mujer de nuevo!<\/p>\n<p>A lo largo de todo este calvario, nunca sent\u00ed que mis miedos y mis inquietudes se dejaran de lado. El c\u00e1ncer de senos es una experiencia devastadora. La reconstrucci\u00f3n de los senos es un evento muy personal. Es com\u00fan que una mujer quiera este tipo de cirug\u00edas. Pero recomiendo enf\u00e1ticamente al Dr. Scott Green y al Plastic Surgery Center.<\/p>\n<p>S.L.<\/p>\n<p>* Los resultados individuales pueden variar.\u00a0*<\/p>\n","protected":false},"excerpt":{"rendered":"<p>Cuando ten\u00eda 18\u00a0a\u00f1os, lo \u00faltimo que quer\u00eda hacer era admitir que mis senos hab\u00edan comenzado a caerse, pero a medida que el problema avanzaba, solo pod\u00eda sentirme m\u00e1s avergonzada e inc\u00f3moda con mi apariencia f\u00edsica. Cuando ten\u00eda 26, estaba lista para abordar este problema y considerar opciones de cirug\u00eda pl\u00e1stica. Como se trataba de un [&hellip;]<\/p>\n","protected":false},"author":1,"featured_media":0,"parent":639,"menu_order":0,"comment_status":"closed","ping_status":"closed","template":"","meta":{"_acf_changed":false,"footnotes":""},"class_list":["post-654","page","type-page","status-publish","hentry"],"acf":[],"yoast_head":"<!-- This site is optimized with the Yoast SEO plugin v24.0 - https:\/\/yoast.com\/wordpress\/plugins\/seo\/ -->\n<title>Historias y testimonios de pacientes | Dr. Scott Green<\/title>\n<meta name=\"robots\" content=\"index, follow, max-snippet:-1, max-image-preview:large, max-video-preview:-1\" \/>\n<link rel=\"canonical\" href=\"https:\/\/www.drscottgreen.com\/es\/acerca-del-dr-green\/historias-de-pacientes\/\" \/>\n<meta property=\"og:locale\" content=\"es_ES\" \/>\n<meta property=\"og:type\" content=\"article\" \/>\n<meta property=\"og:title\" content=\"Historias y testimonios de pacientes | Dr. Scott Green\" \/>\n<meta property=\"og:description\" content=\"Cuando ten\u00eda 18\u00a0a\u00f1os, lo \u00faltimo que quer\u00eda hacer era admitir que mis senos hab\u00edan comenzado a caerse, pero a medida que el problema avanzaba, solo pod\u00eda sentirme m\u00e1s avergonzada e inc\u00f3moda con mi apariencia f\u00edsica. Cuando ten\u00eda 26, estaba lista para abordar este problema y considerar opciones de cirug\u00eda pl\u00e1stica. Como se trataba de un [&hellip;]\" \/>\n<meta property=\"og:url\" content=\"https:\/\/www.drscottgreen.com\/es\/acerca-del-dr-green\/historias-de-pacientes\/\" \/>\n<meta property=\"og:site_name\" content=\"Dr. Scott Green\" \/>\n<meta property=\"article:modified_time\" content=\"2019-04-26T17:19:51+00:00\" \/>\n<meta property=\"og:image\" content=\"https:\/\/www.drscottgreen.com\/es\/wp-content\/uploads\/2017\/06\/image-operation-1.jpg\" \/>\n<meta name=\"twitter:card\" content=\"summary_large_image\" \/>\n<meta name=\"twitter:label1\" content=\"Tiempo de lectura\" \/>\n\t<meta name=\"twitter:data1\" content=\"9 minutos\" \/>\n<script type=\"application\/ld+json\" class=\"yoast-schema-graph\">{\"@context\":\"https:\/\/schema.org\",\"@graph\":[{\"@type\":\"WebPage\",\"@id\":\"https:\/\/www.drscottgreen.com\/es\/acerca-del-dr-green\/historias-de-pacientes\/\",\"url\":\"https:\/\/www.drscottgreen.com\/es\/acerca-del-dr-green\/historias-de-pacientes\/\",\"name\":\"Historias y testimonios de pacientes | Dr. Scott Green\",\"isPartOf\":{\"@id\":\"https:\/\/www.drscottgreen.com\/es\/#website\"},\"primaryImageOfPage\":{\"@id\":\"https:\/\/www.drscottgreen.com\/es\/acerca-del-dr-green\/historias-de-pacientes\/#primaryimage\"},\"image\":{\"@id\":\"https:\/\/www.drscottgreen.com\/es\/acerca-del-dr-green\/historias-de-pacientes\/#primaryimage\"},\"thumbnailUrl\":\"https:\/\/www.drscottgreen.com\/es\/wp-content\/uploads\/2017\/06\/image-operation-1.jpg\",\"datePublished\":\"2017-06-06T14:19:26+00:00\",\"dateModified\":\"2019-04-26T17:19:51+00:00\",\"breadcrumb\":{\"@id\":\"https:\/\/www.drscottgreen.com\/es\/acerca-del-dr-green\/historias-de-pacientes\/#breadcrumb\"},\"inLanguage\":\"es\",\"potentialAction\":[{\"@type\":\"ReadAction\",\"target\":[\"https:\/\/www.drscottgreen.com\/es\/acerca-del-dr-green\/historias-de-pacientes\/\"]}]},{\"@type\":\"ImageObject\",\"inLanguage\":\"es\",\"@id\":\"https:\/\/www.drscottgreen.com\/es\/acerca-del-dr-green\/historias-de-pacientes\/#primaryimage\",\"url\":\"https:\/\/www.drscottgreen.com\/es\/wp-content\/uploads\/2017\/06\/image-operation-1.jpg\",\"contentUrl\":\"https:\/\/www.drscottgreen.com\/es\/wp-content\/uploads\/2017\/06\/image-operation-1.jpg\",\"width\":250,\"height\":178},{\"@type\":\"BreadcrumbList\",\"@id\":\"https:\/\/www.drscottgreen.com\/es\/acerca-del-dr-green\/historias-de-pacientes\/#breadcrumb\",\"itemListElement\":[{\"@type\":\"ListItem\",\"position\":1,\"name\":\"Home\",\"item\":\"https:\/\/www.drscottgreen.com\/es\/\"},{\"@type\":\"ListItem\",\"position\":2,\"name\":\"Acerca del Dr. Green\",\"item\":\"https:\/\/www.drscottgreen.com\/es\/acerca-del-dr-green\/\"},{\"@type\":\"ListItem\",\"position\":3,\"name\":\"Historias de pacientes\"}]},{\"@type\":\"WebSite\",\"@id\":\"https:\/\/www.drscottgreen.com\/es\/#website\",\"url\":\"https:\/\/www.drscottgreen.com\/es\/\",\"name\":\"Dr. Scott Green\",\"description\":\"Dr. Scott Green, Board Certified Plastic Surgeon\",\"potentialAction\":[{\"@type\":\"SearchAction\",\"target\":{\"@type\":\"EntryPoint\",\"urlTemplate\":\"https:\/\/www.drscottgreen.com\/es\/?s={search_term_string}\"},\"query-input\":{\"@type\":\"PropertyValueSpecification\",\"valueRequired\":true,\"valueName\":\"search_term_string\"}}],\"inLanguage\":\"es\"}]}<\/script>\n<!-- \/ Yoast SEO plugin. -->","yoast_head_json":{"title":"Historias y testimonios de pacientes | Dr. Scott Green","robots":{"index":"index","follow":"follow","max-snippet":"max-snippet:-1","max-image-preview":"max-image-preview:large","max-video-preview":"max-video-preview:-1"},"canonical":"https:\/\/www.drscottgreen.com\/es\/acerca-del-dr-green\/historias-de-pacientes\/","og_locale":"es_ES","og_type":"article","og_title":"Historias y testimonios de pacientes | Dr. Scott Green","og_description":"Cuando ten\u00eda 18\u00a0a\u00f1os, lo \u00faltimo que quer\u00eda hacer era admitir que mis senos hab\u00edan comenzado a caerse, pero a medida que el problema avanzaba, solo pod\u00eda sentirme m\u00e1s avergonzada e inc\u00f3moda con mi apariencia f\u00edsica. Cuando ten\u00eda 26, estaba lista para abordar este problema y considerar opciones de cirug\u00eda pl\u00e1stica. Como se trataba de un [&hellip;]","og_url":"https:\/\/www.drscottgreen.com\/es\/acerca-del-dr-green\/historias-de-pacientes\/","og_site_name":"Dr. Scott Green","article_modified_time":"2019-04-26T17:19:51+00:00","og_image":[{"url":"https:\/\/www.drscottgreen.com\/es\/wp-content\/uploads\/2017\/06\/image-operation-1.jpg","type":"","width":"","height":""}],"twitter_card":"summary_large_image","twitter_misc":{"Tiempo de lectura":"9 minutos"},"schema":{"@context":"https:\/\/schema.org","@graph":[{"@type":"WebPage","@id":"https:\/\/www.drscottgreen.com\/es\/acerca-del-dr-green\/historias-de-pacientes\/","url":"https:\/\/www.drscottgreen.com\/es\/acerca-del-dr-green\/historias-de-pacientes\/","name":"Historias y testimonios de pacientes | Dr. Scott Green","isPartOf":{"@id":"https:\/\/www.drscottgreen.com\/es\/#website"},"primaryImageOfPage":{"@id":"https:\/\/www.drscottgreen.com\/es\/acerca-del-dr-green\/historias-de-pacientes\/#primaryimage"},"image":{"@id":"https:\/\/www.drscottgreen.com\/es\/acerca-del-dr-green\/historias-de-pacientes\/#primaryimage"},"thumbnailUrl":"https:\/\/www.drscottgreen.com\/es\/wp-content\/uploads\/2017\/06\/image-operation-1.jpg","datePublished":"2017-06-06T14:19:26+00:00","dateModified":"2019-04-26T17:19:51+00:00","breadcrumb":{"@id":"https:\/\/www.drscottgreen.com\/es\/acerca-del-dr-green\/historias-de-pacientes\/#breadcrumb"},"inLanguage":"es","potentialAction":[{"@type":"ReadAction","target":["https:\/\/www.drscottgreen.com\/es\/acerca-del-dr-green\/historias-de-pacientes\/"]}]},{"@type":"ImageObject","inLanguage":"es","@id":"https:\/\/www.drscottgreen.com\/es\/acerca-del-dr-green\/historias-de-pacientes\/#primaryimage","url":"https:\/\/www.drscottgreen.com\/es\/wp-content\/uploads\/2017\/06\/image-operation-1.jpg","contentUrl":"https:\/\/www.drscottgreen.com\/es\/wp-content\/uploads\/2017\/06\/image-operation-1.jpg","width":250,"height":178},{"@type":"BreadcrumbList","@id":"https:\/\/www.drscottgreen.com\/es\/acerca-del-dr-green\/historias-de-pacientes\/#breadcrumb","itemListElement":[{"@type":"ListItem","position":1,"name":"Home","item":"https:\/\/www.drscottgreen.com\/es\/"},{"@type":"ListItem","position":2,"name":"Acerca del Dr. Green","item":"https:\/\/www.drscottgreen.com\/es\/acerca-del-dr-green\/"},{"@type":"ListItem","position":3,"name":"Historias de pacientes"}]},{"@type":"WebSite","@id":"https:\/\/www.drscottgreen.com\/es\/#website","url":"https:\/\/www.drscottgreen.com\/es\/","name":"Dr. Scott Green","description":"Dr. Scott Green, Board Certified Plastic Surgeon","potentialAction":[{"@type":"SearchAction","target":{"@type":"EntryPoint","urlTemplate":"https:\/\/www.drscottgreen.com\/es\/?s={search_term_string}"},"query-input":{"@type":"PropertyValueSpecification","valueRequired":true,"valueName":"search_term_string"}}],"inLanguage":"es"}]}},"_links":{"self":[{"href":"https:\/\/www.drscottgreen.com\/es\/wp-json\/wp\/v2\/pages\/654","targetHints":{"allow":["GET"]}}],"collection":[{"href":"https:\/\/www.drscottgreen.com\/es\/wp-json\/wp\/v2\/pages"}],"about":[{"href":"https:\/\/www.drscottgreen.com\/es\/wp-json\/wp\/v2\/types\/page"}],"author":[{"embeddable":true,"href":"https:\/\/www.drscottgreen.com\/es\/wp-json\/wp\/v2\/users\/1"}],"replies":[{"embeddable":true,"href":"https:\/\/www.drscottgreen.com\/es\/wp-json\/wp\/v2\/comments?post=654"}],"version-history":[{"count":5,"href":"https:\/\/www.drscottgreen.com\/es\/wp-json\/wp\/v2\/pages\/654\/revisions"}],"predecessor-version":[{"id":11797,"href":"https:\/\/www.drscottgreen.com\/es\/wp-json\/wp\/v2\/pages\/654\/revisions\/11797"}],"up":[{"embeddable":true,"href":"https:\/\/www.drscottgreen.com\/es\/wp-json\/wp\/v2\/pages\/639"}],"wp:attachment":[{"href":"https:\/\/www.drscottgreen.com\/es\/wp-json\/wp\/v2\/media?parent=654"}],"curies":[{"name":"wp","href":"https:\/\/api.w.org\/{rel}","templated":true}]}}