{"id":639,"date":"2017-06-06T14:00:54","date_gmt":"2017-06-06T14:00:54","guid":{"rendered":"http:\/\/www.drscottgreen.com\/?page_id=639"},"modified":"2024-08-23T11:15:28","modified_gmt":"2024-08-23T19:15:28","slug":"acerca-del-dr-green","status":"publish","type":"page","link":"https:\/\/www.drscottgreen.com\/es\/acerca-del-dr-green\/","title":{"rendered":"Acerca del Dr. Green"},"content":{"rendered":"<p><img loading=\"lazy\" decoding=\"async\" class=\"wp-image-11848 size-full alignright\" src=\"https:\/\/www.drscottgreen.com\/es\/wp-content\/uploads\/2023\/09\/drScottGreen1.jpg\" alt=\"Acerca del Dr. Green\" width=\"207\" height=\"300\" srcset=\"https:\/\/www.drscottgreen.com\/es\/wp-content\/uploads\/2023\/09\/drScottGreen1.jpg 207w, https:\/\/www.drscottgreen.com\/es\/wp-content\/uploads\/2023\/09\/drScottGreen1-79x115.jpg 79w, https:\/\/www.drscottgreen.com\/es\/wp-content\/uploads\/2023\/09\/drScottGreen1-99x144.jpg 99w, https:\/\/www.drscottgreen.com\/es\/wp-content\/uploads\/2023\/09\/drScottGreen1-26x38.jpg 26w\" sizes=\"auto, (max-width: 207px) 100vw, 207px\" \/>El cirujano pl\u00e1stico cosm\u00e9tico de Sacramento, el Dr. Scott Green, est\u00e1 certificado por la Junta Estadounidense de Cirug\u00eda Pl\u00e1stica. Tambi\u00e9n es miembro del Colegio Americano de Cirujanos. Mucho antes de que comenzara a ver a sus pacientes de cirug\u00eda est\u00e9tica, el Dr. Green recibi\u00f3 su Doctorado en Medicina de la Escuela de Medicina Texas A&amp;M. Luego asisti\u00f3 a una residencia de cirug\u00eda general en el Centro M\u00e9dico de la Universidad de Vermont, seguido de una capacitaci\u00f3n especializada en cirug\u00eda pl\u00e1stica en la mundialmente famosa Universidad de Loma Linda.<\/p>\n<p>Durante sus a\u00f1os en los centros m\u00e9dicos de la Universidad de Vermont y de la Universidad de Loma Linda, el Dr. Green recibi\u00f3 muchos premios, incluido el premio al Mejor Residente del A\u00f1o y el premio Bernard Barney a la Excelencia en Cirug\u00eda Pl\u00e1stica.<\/p>\n<p>El trabajo cient\u00edfico cl\u00ednico del Dr. Green se ha incluido en las principales publicaciones de cirug\u00eda pl\u00e1stica, Plastic and Reconstructive Surgery Journal (PRS). \u00c9l present\u00f3 su investigaci\u00f3n en muchas reuniones de cirug\u00eda pl\u00e1stica y en el a\u00f1o 2000, fue honrado por sus colegas al recibir el premio al mejor art\u00edculo de investigaci\u00f3n cient\u00edfica de la Sociedad de Cirujanos Pl\u00e1sticos de California. M\u00e1s recientemente, en 2007, present\u00f3 su trabajo sobre el rejuvenecimiento facial y el contorno corporal despu\u00e9s de la p\u00e9rdida masiva de peso en la reuni\u00f3n anual de la Sociedad de Cirujanos Pl\u00e1sticos de California.<\/p>\n<p>Como uno de los cirujanos pl\u00e1sticos l\u00edderes en Sacramento, el Dr. Scott Green es uno de los principales innovadores del pa\u00eds en el \u00e1rea de la cirug\u00eda est\u00e9tica despu\u00e9s de la p\u00e9rdida masiva de peso. \u00c9l ha introducido nuevas t\u00e9cnicas de cirug\u00eda pl\u00e1stica y es experto en la \u00faltima tecnolog\u00eda y procedimientos quir\u00fargicos. Sus especialidades incluyen <a href=\"https:\/\/www.drscottgreen.com\/es\/aumento-de-senos\/\">cirug\u00eda de senos<\/a>, <a href=\"https:\/\/www.drscottgreen.com\/es\/estiramiento-facial\/\">rejuvenecimiento facial<\/a>, <a href=\"https:\/\/www.drscottgreen.com\/es\/abdominoplastia\/\">abdominoplastia<\/a> y <a href=\"https:\/\/www.drscottgreen.com\/es\/liposuccion-corporal\/\">liposucci\u00f3n<\/a> en Sacramento.<\/p>\n<p>Adem\u00e1s de atender a los pacientes de cirug\u00eda pl\u00e1stica est\u00e9tica de Sacramento, el Dr. Green ha sido parte de las misiones humanitarias a lo largo de los a\u00f1os, brindando servicios de cirug\u00eda reconstructiva a los desfavorecidos en Baja, M\u00e9xico y Deschapelles, Hait\u00ed. En su tiempo libre disfruta de la pesca, el esqu\u00ed, los caballos \u00e1rabes y el monta\u00f1ismo. Est\u00e1 casado y es padre de 6 hijos: Sage, Forrest, Hunter, Winter, Loden y Jadean.<\/p>\n","protected":false},"excerpt":{"rendered":"<p>El cirujano pl\u00e1stico cosm\u00e9tico de Sacramento, el Dr. Scott Green, est\u00e1 certificado por la Junta Estadounidense de Cirug\u00eda Pl\u00e1stica. Tambi\u00e9n es miembro del Colegio Americano de Cirujanos. Mucho antes de que comenzara a ver a sus pacientes de cirug\u00eda est\u00e9tica, el Dr. Green recibi\u00f3 su Doctorado en Medicina de la Escuela de Medicina Texas A&amp;M. [&hellip;]<\/p>\n","protected":false},"author":1,"featured_media":0,"parent":0,"menu_order":0,"comment_status":"closed","ping_status":"closed","template":"","meta":{"_acf_changed":false,"footnotes":""},"class_list":["post-639","page","type-page","status-publish","hentry"],"acf":[],"yoast_head":"<!-- This site is optimized with the Yoast SEO plugin v24.0 - https:\/\/yoast.com\/wordpress\/plugins\/seo\/ -->\n<title>Conozca al Dr. Scott Green | Cirujano pl\u00e1stico de Sacramento &amp; Granite Bay<\/title>\n<meta name=\"description\" content=\"El cirujano pl\u00e1stico cosm\u00e9tico de Sacramento, el Dr. Scott Green, es miembro del Colegio Americano de Cirujanos.\" \/>\n<meta name=\"robots\" content=\"index, follow, max-snippet:-1, max-image-preview:large, max-video-preview:-1\" \/>\n<link rel=\"canonical\" href=\"https:\/\/www.drscottgreen.com\/es\/acerca-del-dr-green\/\" \/>\n<meta property=\"og:locale\" content=\"es_ES\" \/>\n<meta property=\"og:type\" content=\"article\" \/>\n<meta property=\"og:title\" content=\"Conozca al Dr. Scott Green | Cirujano pl\u00e1stico de Sacramento &amp; Granite Bay\" \/>\n<meta property=\"og:description\" content=\"El cirujano pl\u00e1stico cosm\u00e9tico de Sacramento, el Dr. Scott Green, es miembro del Colegio Americano de Cirujanos.\" \/>\n<meta property=\"og:url\" content=\"https:\/\/www.drscottgreen.com\/es\/acerca-del-dr-green\/\" \/>\n<meta property=\"og:site_name\" content=\"Dr. Scott Green\" \/>\n<meta property=\"article:modified_time\" content=\"2024-08-23T19:15:28+00:00\" \/>\n<meta property=\"og:image\" content=\"https:\/\/www.drscottgreen.com\/es\/wp-content\/uploads\/2023\/09\/drScottGreen1.jpg\" \/>\n<meta name=\"twitter:card\" content=\"summary_large_image\" \/>\n<meta name=\"twitter:label1\" content=\"Tiempo de lectura\" \/>\n\t<meta name=\"twitter:data1\" content=\"2 minutos\" \/>\n<script type=\"application\/ld+json\" class=\"yoast-schema-graph\">{\"@context\":\"https:\/\/schema.org\",\"@graph\":[{\"@type\":\"WebPage\",\"@id\":\"https:\/\/www.drscottgreen.com\/es\/acerca-del-dr-green\/\",\"url\":\"https:\/\/www.drscottgreen.com\/es\/acerca-del-dr-green\/\",\"name\":\"Conozca al Dr. Scott Green | Cirujano pl\u00e1stico de Sacramento & Granite Bay\",\"isPartOf\":{\"@id\":\"https:\/\/www.drscottgreen.com\/es\/#website\"},\"primaryImageOfPage\":{\"@id\":\"https:\/\/www.drscottgreen.com\/es\/acerca-del-dr-green\/#primaryimage\"},\"image\":{\"@id\":\"https:\/\/www.drscottgreen.com\/es\/acerca-del-dr-green\/#primaryimage\"},\"thumbnailUrl\":\"https:\/\/www.drscottgreen.com\/es\/wp-content\/uploads\/2023\/09\/drScottGreen1.jpg\",\"datePublished\":\"2017-06-06T14:00:54+00:00\",\"dateModified\":\"2024-08-23T19:15:28+00:00\",\"description\":\"El cirujano pl\u00e1stico cosm\u00e9tico de Sacramento, el Dr. Scott Green, es miembro del Colegio Americano de Cirujanos.\",\"breadcrumb\":{\"@id\":\"https:\/\/www.drscottgreen.com\/es\/acerca-del-dr-green\/#breadcrumb\"},\"inLanguage\":\"es\",\"potentialAction\":[{\"@type\":\"ReadAction\",\"target\":[\"https:\/\/www.drscottgreen.com\/es\/acerca-del-dr-green\/\"]}]},{\"@type\":\"ImageObject\",\"inLanguage\":\"es\",\"@id\":\"https:\/\/www.drscottgreen.com\/es\/acerca-del-dr-green\/#primaryimage\",\"url\":\"https:\/\/www.drscottgreen.com\/es\/wp-content\/uploads\/2023\/09\/drScottGreen1.jpg\",\"contentUrl\":\"https:\/\/www.drscottgreen.com\/es\/wp-content\/uploads\/2023\/09\/drScottGreen1.jpg\",\"width\":207,\"height\":300,\"caption\":\"Acerca del Dr. Green\"},{\"@type\":\"BreadcrumbList\",\"@id\":\"https:\/\/www.drscottgreen.com\/es\/acerca-del-dr-green\/#breadcrumb\",\"itemListElement\":[{\"@type\":\"ListItem\",\"position\":1,\"name\":\"Home\",\"item\":\"https:\/\/www.drscottgreen.com\/es\/\"},{\"@type\":\"ListItem\",\"position\":2,\"name\":\"Acerca del Dr. Green\"}]},{\"@type\":\"WebSite\",\"@id\":\"https:\/\/www.drscottgreen.com\/es\/#website\",\"url\":\"https:\/\/www.drscottgreen.com\/es\/\",\"name\":\"Dr. Scott Green\",\"description\":\"Dr. Scott Green, Board Certified Plastic Surgeon\",\"potentialAction\":[{\"@type\":\"SearchAction\",\"target\":{\"@type\":\"EntryPoint\",\"urlTemplate\":\"https:\/\/www.drscottgreen.com\/es\/?s={search_term_string}\"},\"query-input\":{\"@type\":\"PropertyValueSpecification\",\"valueRequired\":true,\"valueName\":\"search_term_string\"}}],\"inLanguage\":\"es\"}]}<\/script>\n<!-- \/ Yoast SEO plugin. -->","yoast_head_json":{"title":"Conozca al Dr. Scott Green | Cirujano pl\u00e1stico de Sacramento & Granite Bay","description":"El cirujano pl\u00e1stico cosm\u00e9tico de Sacramento, el Dr. Scott Green, es miembro del Colegio Americano de Cirujanos.","robots":{"index":"index","follow":"follow","max-snippet":"max-snippet:-1","max-image-preview":"max-image-preview:large","max-video-preview":"max-video-preview:-1"},"canonical":"https:\/\/www.drscottgreen.com\/es\/acerca-del-dr-green\/","og_locale":"es_ES","og_type":"article","og_title":"Conozca al Dr. Scott Green | Cirujano pl\u00e1stico de Sacramento & Granite Bay","og_description":"El cirujano pl\u00e1stico cosm\u00e9tico de Sacramento, el Dr. Scott Green, es miembro del Colegio Americano de Cirujanos.","og_url":"https:\/\/www.drscottgreen.com\/es\/acerca-del-dr-green\/","og_site_name":"Dr. Scott Green","article_modified_time":"2024-08-23T19:15:28+00:00","og_image":[{"url":"https:\/\/www.drscottgreen.com\/es\/wp-content\/uploads\/2023\/09\/drScottGreen1.jpg","type":"","width":"","height":""}],"twitter_card":"summary_large_image","twitter_misc":{"Tiempo de lectura":"2 minutos"},"schema":{"@context":"https:\/\/schema.org","@graph":[{"@type":"WebPage","@id":"https:\/\/www.drscottgreen.com\/es\/acerca-del-dr-green\/","url":"https:\/\/www.drscottgreen.com\/es\/acerca-del-dr-green\/","name":"Conozca al Dr. Scott Green | Cirujano pl\u00e1stico de Sacramento & Granite Bay","isPartOf":{"@id":"https:\/\/www.drscottgreen.com\/es\/#website"},"primaryImageOfPage":{"@id":"https:\/\/www.drscottgreen.com\/es\/acerca-del-dr-green\/#primaryimage"},"image":{"@id":"https:\/\/www.drscottgreen.com\/es\/acerca-del-dr-green\/#primaryimage"},"thumbnailUrl":"https:\/\/www.drscottgreen.com\/es\/wp-content\/uploads\/2023\/09\/drScottGreen1.jpg","datePublished":"2017-06-06T14:00:54+00:00","dateModified":"2024-08-23T19:15:28+00:00","description":"El cirujano pl\u00e1stico cosm\u00e9tico de Sacramento, el Dr. Scott Green, es miembro del Colegio Americano de Cirujanos.","breadcrumb":{"@id":"https:\/\/www.drscottgreen.com\/es\/acerca-del-dr-green\/#breadcrumb"},"inLanguage":"es","potentialAction":[{"@type":"ReadAction","target":["https:\/\/www.drscottgreen.com\/es\/acerca-del-dr-green\/"]}]},{"@type":"ImageObject","inLanguage":"es","@id":"https:\/\/www.drscottgreen.com\/es\/acerca-del-dr-green\/#primaryimage","url":"https:\/\/www.drscottgreen.com\/es\/wp-content\/uploads\/2023\/09\/drScottGreen1.jpg","contentUrl":"https:\/\/www.drscottgreen.com\/es\/wp-content\/uploads\/2023\/09\/drScottGreen1.jpg","width":207,"height":300,"caption":"Acerca del Dr. Green"},{"@type":"BreadcrumbList","@id":"https:\/\/www.drscottgreen.com\/es\/acerca-del-dr-green\/#breadcrumb","itemListElement":[{"@type":"ListItem","position":1,"name":"Home","item":"https:\/\/www.drscottgreen.com\/es\/"},{"@type":"ListItem","position":2,"name":"Acerca del Dr. Green"}]},{"@type":"WebSite","@id":"https:\/\/www.drscottgreen.com\/es\/#website","url":"https:\/\/www.drscottgreen.com\/es\/","name":"Dr. Scott Green","description":"Dr. Scott Green, Board Certified Plastic Surgeon","potentialAction":[{"@type":"SearchAction","target":{"@type":"EntryPoint","urlTemplate":"https:\/\/www.drscottgreen.com\/es\/?s={search_term_string}"},"query-input":{"@type":"PropertyValueSpecification","valueRequired":true,"valueName":"search_term_string"}}],"inLanguage":"es"}]}},"_links":{"self":[{"href":"https:\/\/www.drscottgreen.com\/es\/wp-json\/wp\/v2\/pages\/639","targetHints":{"allow":["GET"]}}],"collection":[{"href":"https:\/\/www.drscottgreen.com\/es\/wp-json\/wp\/v2\/pages"}],"about":[{"href":"https:\/\/www.drscottgreen.com\/es\/wp-json\/wp\/v2\/types\/page"}],"author":[{"embeddable":true,"href":"https:\/\/www.drscottgreen.com\/es\/wp-json\/wp\/v2\/users\/1"}],"replies":[{"embeddable":true,"href":"https:\/\/www.drscottgreen.com\/es\/wp-json\/wp\/v2\/comments?post=639"}],"version-history":[{"count":9,"href":"https:\/\/www.drscottgreen.com\/es\/wp-json\/wp\/v2\/pages\/639\/revisions"}],"predecessor-version":[{"id":11860,"href":"https:\/\/www.drscottgreen.com\/es\/wp-json\/wp\/v2\/pages\/639\/revisions\/11860"}],"wp:attachment":[{"href":"https:\/\/www.drscottgreen.com\/es\/wp-json\/wp\/v2\/media?parent=639"}],"curies":[{"name":"wp","href":"https:\/\/api.w.org\/{rel}","templated":true}]}}