{"id":52,"date":"2017-12-13T23:52:46","date_gmt":"2017-12-13T23:52:46","guid":{"rendered":"http:\/\/drscottgreen.com\/?page_id=52"},"modified":"2024-06-10T06:47:27","modified_gmt":"2024-06-10T14:47:27","slug":"home","status":"publish","type":"page","link":"https:\/\/www.drscottgreen.com\/es\/","title":{"rendered":"Inicio"},"content":{"rendered":"<div class=\"u-text--lg\">Bienvenido. Como cirujano pl\u00e1stico en Sacramento, he conocido miles de pacientes de todo el mundo y los he cuidado de a uno a la vez. Este sitio est\u00e1 dise\u00f1ado para responder a la creciente popularidad de la cirug\u00eda pl\u00e1stica cosm\u00e9tica en Sacramento y la creciente demanda de mis servicios. Programe una consulta personal para ver si mis servicios pueden ser de utilidad. Si bien los m\u00e9todos de publicidad pueden cambiar, mi pr\u00e1ctica m\u00e9dica sigue siendo igual: personal, precisa y comprensiva. Un paciente por vez.<\/div>\n<div class=\"u-block-padding--sm\"><a class=\"c-btn c-btn--blue\" href=\"https:\/\/www.drscottgreen.com\/es\/acerca-del-dr-green\/\">M\u00c1S INFORMACI\u00d3N SOBRE EL DR. GREEN<\/a><\/div>\n","protected":false},"excerpt":{"rendered":"<p>Bienvenido. Como cirujano pl\u00e1stico en Sacramento, he conocido miles de pacientes de todo el mundo y los he cuidado de a uno a la vez. Este sitio est\u00e1 dise\u00f1ado para responder a la creciente popularidad de la cirug\u00eda pl\u00e1stica cosm\u00e9tica en Sacramento y la creciente demanda de mis servicios. Programe una consulta personal para ver [&hellip;]<\/p>\n","protected":false},"author":1,"featured_media":80,"parent":0,"menu_order":0,"comment_status":"closed","ping_status":"closed","template":"","meta":{"_acf_changed":false,"footnotes":""},"class_list":["post-52","page","type-page","status-publish","has-post-thumbnail","hentry"],"acf":[],"yoast_head":"<!-- This site is optimized with the Yoast SEO plugin v24.0 - https:\/\/yoast.com\/wordpress\/plugins\/seo\/ -->\n<title>Dr. Scott Green | Cirujano Pl\u00e1stico en Sacramento y Granite Bay<\/title>\n<meta name=\"description\" content=\"Las especialidades del cirujano pl\u00e1stico cosm\u00e9tico de Sacramento, Dr. Scott Green, incluyen cirug\u00eda de senos, rejuvenecimiento facial, abdominoplastia y liposucci\u00f3n en Sacramento.\" \/>\n<meta name=\"robots\" content=\"index, follow, max-snippet:-1, max-image-preview:large, max-video-preview:-1\" \/>\n<link rel=\"canonical\" href=\"https:\/\/www.drscottgreen.com\/es\/\" \/>\n<meta property=\"og:locale\" content=\"es_ES\" \/>\n<meta property=\"og:type\" content=\"article\" \/>\n<meta property=\"og:title\" content=\"Dr. Scott Green | Cirujano Pl\u00e1stico en Sacramento y Granite Bay\" \/>\n<meta property=\"og:description\" content=\"Las especialidades del cirujano pl\u00e1stico cosm\u00e9tico de Sacramento, Dr. Scott Green, incluyen cirug\u00eda de senos, rejuvenecimiento facial, abdominoplastia y liposucci\u00f3n en Sacramento.\" \/>\n<meta property=\"og:url\" content=\"https:\/\/www.drscottgreen.com\/es\/\" \/>\n<meta property=\"og:site_name\" content=\"Dr. Scott Green\" \/>\n<meta property=\"article:modified_time\" content=\"2024-06-10T14:47:27+00:00\" \/>\n<meta property=\"og:image\" content=\"https:\/\/www.drscottgreen.com\/es\/wp-content\/uploads\/2017\/12\/hero.jpg\" \/>\n\t<meta property=\"og:image:width\" content=\"1800\" \/>\n\t<meta property=\"og:image:height\" content=\"1000\" \/>\n\t<meta property=\"og:image:type\" content=\"image\/jpeg\" \/>\n<meta name=\"twitter:card\" content=\"summary_large_image\" \/>\n<meta name=\"twitter:label1\" content=\"Tiempo de lectura\" \/>\n\t<meta name=\"twitter:data1\" content=\"1 minuto\" \/>\n<script type=\"application\/ld+json\" class=\"yoast-schema-graph\">{\"@context\":\"https:\/\/schema.org\",\"@graph\":[{\"@type\":\"WebPage\",\"@id\":\"https:\/\/www.drscottgreen.com\/es\/\",\"url\":\"https:\/\/www.drscottgreen.com\/es\/\",\"name\":\"Dr. Scott Green | Cirujano Pl\u00e1stico en Sacramento y Granite Bay\",\"isPartOf\":{\"@id\":\"https:\/\/www.drscottgreen.com\/es\/#website\"},\"primaryImageOfPage\":{\"@id\":\"https:\/\/www.drscottgreen.com\/es\/#primaryimage\"},\"image\":{\"@id\":\"https:\/\/www.drscottgreen.com\/es\/#primaryimage\"},\"thumbnailUrl\":\"https:\/\/www.drscottgreen.com\/es\/wp-content\/uploads\/2017\/12\/hero.jpg\",\"datePublished\":\"2017-12-13T23:52:46+00:00\",\"dateModified\":\"2024-06-10T14:47:27+00:00\",\"description\":\"Las especialidades del cirujano pl\u00e1stico cosm\u00e9tico de Sacramento, Dr. Scott Green, incluyen cirug\u00eda de senos, rejuvenecimiento facial, abdominoplastia y liposucci\u00f3n en Sacramento.\",\"breadcrumb\":{\"@id\":\"https:\/\/www.drscottgreen.com\/es\/#breadcrumb\"},\"inLanguage\":\"es\",\"potentialAction\":[{\"@type\":\"ReadAction\",\"target\":[\"https:\/\/www.drscottgreen.com\/es\/\"]}]},{\"@type\":\"ImageObject\",\"inLanguage\":\"es\",\"@id\":\"https:\/\/www.drscottgreen.com\/es\/#primaryimage\",\"url\":\"https:\/\/www.drscottgreen.com\/es\/wp-content\/uploads\/2017\/12\/hero.jpg\",\"contentUrl\":\"https:\/\/www.drscottgreen.com\/es\/wp-content\/uploads\/2017\/12\/hero.jpg\",\"width\":1800,\"height\":1000},{\"@type\":\"BreadcrumbList\",\"@id\":\"https:\/\/www.drscottgreen.com\/es\/#breadcrumb\",\"itemListElement\":[{\"@type\":\"ListItem\",\"position\":1,\"name\":\"Home\",\"item\":\"https:\/\/www.drscottgreen.com\/es\/\"},{\"@type\":\"ListItem\",\"position\":2,\"name\":\"Inicio\"}]},{\"@type\":\"WebSite\",\"@id\":\"https:\/\/www.drscottgreen.com\/es\/#website\",\"url\":\"https:\/\/www.drscottgreen.com\/es\/\",\"name\":\"Dr. Scott Green\",\"description\":\"Dr. Scott Green, Board Certified Plastic Surgeon\",\"potentialAction\":[{\"@type\":\"SearchAction\",\"target\":{\"@type\":\"EntryPoint\",\"urlTemplate\":\"https:\/\/www.drscottgreen.com\/es\/?s={search_term_string}\"},\"query-input\":{\"@type\":\"PropertyValueSpecification\",\"valueRequired\":true,\"valueName\":\"search_term_string\"}}],\"inLanguage\":\"es\"}]}<\/script>\n<!-- \/ Yoast SEO plugin. -->","yoast_head_json":{"title":"Dr. Scott Green | Cirujano Pl\u00e1stico en Sacramento y Granite Bay","description":"Las especialidades del cirujano pl\u00e1stico cosm\u00e9tico de Sacramento, Dr. Scott Green, incluyen cirug\u00eda de senos, rejuvenecimiento facial, abdominoplastia y liposucci\u00f3n en Sacramento.","robots":{"index":"index","follow":"follow","max-snippet":"max-snippet:-1","max-image-preview":"max-image-preview:large","max-video-preview":"max-video-preview:-1"},"canonical":"https:\/\/www.drscottgreen.com\/es\/","og_locale":"es_ES","og_type":"article","og_title":"Dr. Scott Green | Cirujano Pl\u00e1stico en Sacramento y Granite Bay","og_description":"Las especialidades del cirujano pl\u00e1stico cosm\u00e9tico de Sacramento, Dr. Scott Green, incluyen cirug\u00eda de senos, rejuvenecimiento facial, abdominoplastia y liposucci\u00f3n en Sacramento.","og_url":"https:\/\/www.drscottgreen.com\/es\/","og_site_name":"Dr. Scott Green","article_modified_time":"2024-06-10T14:47:27+00:00","og_image":[{"width":1800,"height":1000,"url":"https:\/\/www.drscottgreen.com\/es\/wp-content\/uploads\/2017\/12\/hero.jpg","type":"image\/jpeg"}],"twitter_card":"summary_large_image","twitter_misc":{"Tiempo de lectura":"1 minuto"},"schema":{"@context":"https:\/\/schema.org","@graph":[{"@type":"WebPage","@id":"https:\/\/www.drscottgreen.com\/es\/","url":"https:\/\/www.drscottgreen.com\/es\/","name":"Dr. Scott Green | Cirujano Pl\u00e1stico en Sacramento y Granite Bay","isPartOf":{"@id":"https:\/\/www.drscottgreen.com\/es\/#website"},"primaryImageOfPage":{"@id":"https:\/\/www.drscottgreen.com\/es\/#primaryimage"},"image":{"@id":"https:\/\/www.drscottgreen.com\/es\/#primaryimage"},"thumbnailUrl":"https:\/\/www.drscottgreen.com\/es\/wp-content\/uploads\/2017\/12\/hero.jpg","datePublished":"2017-12-13T23:52:46+00:00","dateModified":"2024-06-10T14:47:27+00:00","description":"Las especialidades del cirujano pl\u00e1stico cosm\u00e9tico de Sacramento, Dr. Scott Green, incluyen cirug\u00eda de senos, rejuvenecimiento facial, abdominoplastia y liposucci\u00f3n en Sacramento.","breadcrumb":{"@id":"https:\/\/www.drscottgreen.com\/es\/#breadcrumb"},"inLanguage":"es","potentialAction":[{"@type":"ReadAction","target":["https:\/\/www.drscottgreen.com\/es\/"]}]},{"@type":"ImageObject","inLanguage":"es","@id":"https:\/\/www.drscottgreen.com\/es\/#primaryimage","url":"https:\/\/www.drscottgreen.com\/es\/wp-content\/uploads\/2017\/12\/hero.jpg","contentUrl":"https:\/\/www.drscottgreen.com\/es\/wp-content\/uploads\/2017\/12\/hero.jpg","width":1800,"height":1000},{"@type":"BreadcrumbList","@id":"https:\/\/www.drscottgreen.com\/es\/#breadcrumb","itemListElement":[{"@type":"ListItem","position":1,"name":"Home","item":"https:\/\/www.drscottgreen.com\/es\/"},{"@type":"ListItem","position":2,"name":"Inicio"}]},{"@type":"WebSite","@id":"https:\/\/www.drscottgreen.com\/es\/#website","url":"https:\/\/www.drscottgreen.com\/es\/","name":"Dr. Scott Green","description":"Dr. Scott Green, Board Certified Plastic Surgeon","potentialAction":[{"@type":"SearchAction","target":{"@type":"EntryPoint","urlTemplate":"https:\/\/www.drscottgreen.com\/es\/?s={search_term_string}"},"query-input":{"@type":"PropertyValueSpecification","valueRequired":true,"valueName":"search_term_string"}}],"inLanguage":"es"}]}},"_links":{"self":[{"href":"https:\/\/www.drscottgreen.com\/es\/wp-json\/wp\/v2\/pages\/52","targetHints":{"allow":["GET"]}}],"collection":[{"href":"https:\/\/www.drscottgreen.com\/es\/wp-json\/wp\/v2\/pages"}],"about":[{"href":"https:\/\/www.drscottgreen.com\/es\/wp-json\/wp\/v2\/types\/page"}],"author":[{"embeddable":true,"href":"https:\/\/www.drscottgreen.com\/es\/wp-json\/wp\/v2\/users\/1"}],"replies":[{"embeddable":true,"href":"https:\/\/www.drscottgreen.com\/es\/wp-json\/wp\/v2\/comments?post=52"}],"version-history":[{"count":7,"href":"https:\/\/www.drscottgreen.com\/es\/wp-json\/wp\/v2\/pages\/52\/revisions"}],"predecessor-version":[{"id":11856,"href":"https:\/\/www.drscottgreen.com\/es\/wp-json\/wp\/v2\/pages\/52\/revisions\/11856"}],"wp:featuredmedia":[{"embeddable":true,"href":"https:\/\/www.drscottgreen.com\/es\/wp-json\/wp\/v2\/media\/80"}],"wp:attachment":[{"href":"https:\/\/www.drscottgreen.com\/es\/wp-json\/wp\/v2\/media?parent=52"}],"curies":[{"name":"wp","href":"https:\/\/api.w.org\/{rel}","templated":true}]}}