{"id":1872,"date":"2014-06-20T18:52:08","date_gmt":"2014-06-20T18:52:08","guid":{"rendered":"http:\/\/guild.plasticsurgerystudios.com\/?page_id=104"},"modified":"2019-04-26T09:18:36","modified_gmt":"2019-04-26T17:18:36","slug":"contactenos","status":"publish","type":"page","link":"https:\/\/www.drscottgreen.com\/es\/contactenos\/","title":{"rendered":"Cont\u00e1ctenos"},"content":{"rendered":"<h2>Vis\u00edtenos en una de nuestras ubicaciones<\/h2>\n<div class=\"o-row\"> \n<div class=\"o-col o-col--xs-6\"> \n<p><strong><a href=\"http:\/\/maps.google.com\/maps?f=q&amp;hl=en&amp;q=95+Scripps+Drive%2C+Sacramento%2C+CA+95825\"><img loading=\"lazy\" decoding=\"async\" class=\"alignnone wp-image-843 size-medium\" src=\"https:\/\/www.drscottgreen.com\/es\/wp-content\/uploads\/2017\/06\/sacramento-map-300x188.jpg\" alt=\"Sacramento Office Location\" width=\"300\" height=\"188\" srcset=\"https:\/\/www.drscottgreen.com\/es\/wp-content\/uploads\/2017\/06\/sacramento-map-300x188.jpg 300w, https:\/\/www.drscottgreen.com\/es\/wp-content\/uploads\/2017\/06\/sacramento-map.jpg 768w, https:\/\/www.drscottgreen.com\/es\/wp-content\/uploads\/2017\/06\/sacramento-map-375x234.jpg 375w, https:\/\/www.drscottgreen.com\/es\/wp-content\/uploads\/2017\/06\/sacramento-map-75x47.jpg 75w, https:\/\/www.drscottgreen.com\/es\/wp-content\/uploads\/2017\/06\/sacramento-map-500x313.jpg 500w, https:\/\/www.drscottgreen.com\/es\/wp-content\/uploads\/2017\/06\/sacramento-map-56x35.jpg 56w, https:\/\/www.drscottgreen.com\/es\/wp-content\/uploads\/2017\/06\/sacramento-map-38x24.jpg 38w\" sizes=\"auto, (max-width: 300px) 100vw, 300px\" \/><\/a>Ubicaci\u00f3n Sacramento<\/strong><br \/>\n95 Scripps Dr<br \/>\nSacramento, CA 95825<br \/>\n<a class=\"tel\" href=\"tel:19169291833\">(916) 929-1833<\/a><br \/>\n<a href=\"http:\/\/maps.google.com\/maps?f=q&amp;hl=en&amp;q=95+Scripps+Drive%2C+Sacramento%2C+CA+95825\" target=\"_blank\" rel=\"noopener noreferrer\">Obtener direcciones de manejo \u00bb<\/a><\/p>\n <\/div>\n<div class=\"o-col o-col--xs-6\"> \n<p><strong><a href=\"https:\/\/goo.gl\/maps\/X4SYYCDDFJL2\"><img loading=\"lazy\" decoding=\"async\" class=\"alignnone wp-image-842 size-medium\" src=\"https:\/\/www.drscottgreen.com\/es\/wp-content\/uploads\/2017\/06\/roseville-map-300x188.jpg\" alt=\"Roseville Granite Bay Office Location\" width=\"300\" height=\"188\" srcset=\"https:\/\/www.drscottgreen.com\/es\/wp-content\/uploads\/2017\/06\/roseville-map-300x188.jpg 300w, https:\/\/www.drscottgreen.com\/es\/wp-content\/uploads\/2017\/06\/roseville-map.jpg 768w, https:\/\/www.drscottgreen.com\/es\/wp-content\/uploads\/2017\/06\/roseville-map-375x234.jpg 375w, https:\/\/www.drscottgreen.com\/es\/wp-content\/uploads\/2017\/06\/roseville-map-75x47.jpg 75w, https:\/\/www.drscottgreen.com\/es\/wp-content\/uploads\/2017\/06\/roseville-map-500x313.jpg 500w, https:\/\/www.drscottgreen.com\/es\/wp-content\/uploads\/2017\/06\/roseville-map-56x35.jpg 56w, https:\/\/www.drscottgreen.com\/es\/wp-content\/uploads\/2017\/06\/roseville-map-38x24.jpg 38w\" sizes=\"auto, (max-width: 300px) 100vw, 300px\" \/><\/a>Ubicaci\u00f3n Roseville<\/strong><br \/>\n8723 Sierra College Blvd<br \/>\nGranite Bay, CA 95746<br \/>\n<a class=\"tel\" href=\"tel:19167735559\">(916) 773-5559<br \/>\n<\/a><a title=\"Get Direction\" href=\"https:\/\/www.google.com\/maps\/place\/8723+Sierra+College+Blvd,+Roseville,+CA+95661\/@38.7414207,-121.2271838,17z\/data=!3m1!4b1!4m5!3m4!1s0x809b1fd631bdb06b:0x46039749108e9f67!8m2!3d38.7414207!4d-121.2249951?shorturl=1\" target=\"_blank\" rel=\"noopener noreferrer\">Obtener direcciones de manejo \u00bb<\/a><\/p>\n <\/div>\n <\/div>\n","protected":false},"excerpt":{"rendered":"<p>Vis\u00edtenos en una de nuestras ubicaciones<\/p>\n","protected":false},"author":1,"featured_media":0,"parent":0,"menu_order":0,"comment_status":"open","ping_status":"closed","template":"_templates\/template-contact.php","meta":{"_acf_changed":false,"footnotes":""},"class_list":["post-1872","page","type-page","status-publish","hentry"],"acf":[],"yoast_head":"<!-- This site is optimized with the Yoast SEO plugin v24.0 - https:\/\/yoast.com\/wordpress\/plugins\/seo\/ -->\n<title>P\u00f3ngase en contacto con la oficina del Dr. Scott Green<\/title>\n<meta name=\"description\" content=\"Solicite una consulta en l\u00ednea con el Dr. Scott Green y descubra qu\u00e9 resultados puede obtener a trav\u00e9s de la cirug\u00eda est\u00e9tica.\" \/>\n<meta name=\"robots\" content=\"index, follow, max-snippet:-1, max-image-preview:large, max-video-preview:-1\" \/>\n<link rel=\"canonical\" href=\"https:\/\/www.drscottgreen.com\/es\/contactenos\/\" \/>\n<meta property=\"og:locale\" content=\"es_ES\" \/>\n<meta property=\"og:type\" content=\"article\" \/>\n<meta property=\"og:title\" content=\"P\u00f3ngase en contacto con la oficina del Dr. Scott Green\" \/>\n<meta property=\"og:description\" content=\"Solicite una consulta en l\u00ednea con el Dr. Scott Green y descubra qu\u00e9 resultados puede obtener a trav\u00e9s de la cirug\u00eda est\u00e9tica.\" \/>\n<meta property=\"og:url\" content=\"https:\/\/www.drscottgreen.com\/es\/contactenos\/\" \/>\n<meta property=\"og:site_name\" content=\"Dr. Scott Green\" \/>\n<meta property=\"article:modified_time\" content=\"2019-04-26T17:18:36+00:00\" \/>\n<meta property=\"og:image\" content=\"https:\/\/www.drscottgreen.com\/es\/wp-content\/uploads\/2017\/06\/sacramento-map-300x188.jpg\" \/>\n<meta name=\"twitter:card\" content=\"summary_large_image\" \/>\n<script type=\"application\/ld+json\" class=\"yoast-schema-graph\">{\"@context\":\"https:\/\/schema.org\",\"@graph\":[{\"@type\":\"WebPage\",\"@id\":\"https:\/\/www.drscottgreen.com\/es\/contactenos\/\",\"url\":\"https:\/\/www.drscottgreen.com\/es\/contactenos\/\",\"name\":\"P\u00f3ngase en contacto con la oficina del Dr. Scott Green\",\"isPartOf\":{\"@id\":\"https:\/\/www.drscottgreen.com\/es\/#website\"},\"primaryImageOfPage\":{\"@id\":\"https:\/\/www.drscottgreen.com\/es\/contactenos\/#primaryimage\"},\"image\":{\"@id\":\"https:\/\/www.drscottgreen.com\/es\/contactenos\/#primaryimage\"},\"thumbnailUrl\":\"https:\/\/www.drscottgreen.com\/es\/wp-content\/uploads\/2017\/06\/sacramento-map-300x188.jpg\",\"datePublished\":\"2014-06-20T18:52:08+00:00\",\"dateModified\":\"2019-04-26T17:18:36+00:00\",\"description\":\"Solicite una consulta en l\u00ednea con el Dr. Scott Green y descubra qu\u00e9 resultados puede obtener a trav\u00e9s de la cirug\u00eda est\u00e9tica.\",\"breadcrumb\":{\"@id\":\"https:\/\/www.drscottgreen.com\/es\/contactenos\/#breadcrumb\"},\"inLanguage\":\"es\",\"potentialAction\":[{\"@type\":\"ReadAction\",\"target\":[\"https:\/\/www.drscottgreen.com\/es\/contactenos\/\"]}]},{\"@type\":\"ImageObject\",\"inLanguage\":\"es\",\"@id\":\"https:\/\/www.drscottgreen.com\/es\/contactenos\/#primaryimage\",\"url\":\"https:\/\/www.drscottgreen.com\/es\/wp-content\/uploads\/2017\/06\/sacramento-map.jpg\",\"contentUrl\":\"https:\/\/www.drscottgreen.com\/es\/wp-content\/uploads\/2017\/06\/sacramento-map.jpg\",\"width\":768,\"height\":480},{\"@type\":\"BreadcrumbList\",\"@id\":\"https:\/\/www.drscottgreen.com\/es\/contactenos\/#breadcrumb\",\"itemListElement\":[{\"@type\":\"ListItem\",\"position\":1,\"name\":\"Home\",\"item\":\"https:\/\/www.drscottgreen.com\/es\/\"},{\"@type\":\"ListItem\",\"position\":2,\"name\":\"Cont\u00e1ctenos\"}]},{\"@type\":\"WebSite\",\"@id\":\"https:\/\/www.drscottgreen.com\/es\/#website\",\"url\":\"https:\/\/www.drscottgreen.com\/es\/\",\"name\":\"Dr. Scott Green\",\"description\":\"Dr. Scott Green, Board Certified Plastic Surgeon\",\"potentialAction\":[{\"@type\":\"SearchAction\",\"target\":{\"@type\":\"EntryPoint\",\"urlTemplate\":\"https:\/\/www.drscottgreen.com\/es\/?s={search_term_string}\"},\"query-input\":{\"@type\":\"PropertyValueSpecification\",\"valueRequired\":true,\"valueName\":\"search_term_string\"}}],\"inLanguage\":\"es\"}]}<\/script>\n<!-- \/ Yoast SEO plugin. -->","yoast_head_json":{"title":"P\u00f3ngase en contacto con la oficina del Dr. Scott Green","description":"Solicite una consulta en l\u00ednea con el Dr. Scott Green y descubra qu\u00e9 resultados puede obtener a trav\u00e9s de la cirug\u00eda est\u00e9tica.","robots":{"index":"index","follow":"follow","max-snippet":"max-snippet:-1","max-image-preview":"max-image-preview:large","max-video-preview":"max-video-preview:-1"},"canonical":"https:\/\/www.drscottgreen.com\/es\/contactenos\/","og_locale":"es_ES","og_type":"article","og_title":"P\u00f3ngase en contacto con la oficina del Dr. Scott Green","og_description":"Solicite una consulta en l\u00ednea con el Dr. Scott Green y descubra qu\u00e9 resultados puede obtener a trav\u00e9s de la cirug\u00eda est\u00e9tica.","og_url":"https:\/\/www.drscottgreen.com\/es\/contactenos\/","og_site_name":"Dr. Scott Green","article_modified_time":"2019-04-26T17:18:36+00:00","og_image":[{"url":"https:\/\/www.drscottgreen.com\/es\/wp-content\/uploads\/2017\/06\/sacramento-map-300x188.jpg","type":"","width":"","height":""}],"twitter_card":"summary_large_image","schema":{"@context":"https:\/\/schema.org","@graph":[{"@type":"WebPage","@id":"https:\/\/www.drscottgreen.com\/es\/contactenos\/","url":"https:\/\/www.drscottgreen.com\/es\/contactenos\/","name":"P\u00f3ngase en contacto con la oficina del Dr. Scott Green","isPartOf":{"@id":"https:\/\/www.drscottgreen.com\/es\/#website"},"primaryImageOfPage":{"@id":"https:\/\/www.drscottgreen.com\/es\/contactenos\/#primaryimage"},"image":{"@id":"https:\/\/www.drscottgreen.com\/es\/contactenos\/#primaryimage"},"thumbnailUrl":"https:\/\/www.drscottgreen.com\/es\/wp-content\/uploads\/2017\/06\/sacramento-map-300x188.jpg","datePublished":"2014-06-20T18:52:08+00:00","dateModified":"2019-04-26T17:18:36+00:00","description":"Solicite una consulta en l\u00ednea con el Dr. Scott Green y descubra qu\u00e9 resultados puede obtener a trav\u00e9s de la cirug\u00eda est\u00e9tica.","breadcrumb":{"@id":"https:\/\/www.drscottgreen.com\/es\/contactenos\/#breadcrumb"},"inLanguage":"es","potentialAction":[{"@type":"ReadAction","target":["https:\/\/www.drscottgreen.com\/es\/contactenos\/"]}]},{"@type":"ImageObject","inLanguage":"es","@id":"https:\/\/www.drscottgreen.com\/es\/contactenos\/#primaryimage","url":"https:\/\/www.drscottgreen.com\/es\/wp-content\/uploads\/2017\/06\/sacramento-map.jpg","contentUrl":"https:\/\/www.drscottgreen.com\/es\/wp-content\/uploads\/2017\/06\/sacramento-map.jpg","width":768,"height":480},{"@type":"BreadcrumbList","@id":"https:\/\/www.drscottgreen.com\/es\/contactenos\/#breadcrumb","itemListElement":[{"@type":"ListItem","position":1,"name":"Home","item":"https:\/\/www.drscottgreen.com\/es\/"},{"@type":"ListItem","position":2,"name":"Cont\u00e1ctenos"}]},{"@type":"WebSite","@id":"https:\/\/www.drscottgreen.com\/es\/#website","url":"https:\/\/www.drscottgreen.com\/es\/","name":"Dr. Scott Green","description":"Dr. Scott Green, Board Certified Plastic Surgeon","potentialAction":[{"@type":"SearchAction","target":{"@type":"EntryPoint","urlTemplate":"https:\/\/www.drscottgreen.com\/es\/?s={search_term_string}"},"query-input":{"@type":"PropertyValueSpecification","valueRequired":true,"valueName":"search_term_string"}}],"inLanguage":"es"}]}},"_links":{"self":[{"href":"https:\/\/www.drscottgreen.com\/es\/wp-json\/wp\/v2\/pages\/1872","targetHints":{"allow":["GET"]}}],"collection":[{"href":"https:\/\/www.drscottgreen.com\/es\/wp-json\/wp\/v2\/pages"}],"about":[{"href":"https:\/\/www.drscottgreen.com\/es\/wp-json\/wp\/v2\/types\/page"}],"author":[{"embeddable":true,"href":"https:\/\/www.drscottgreen.com\/es\/wp-json\/wp\/v2\/users\/1"}],"replies":[{"embeddable":true,"href":"https:\/\/www.drscottgreen.com\/es\/wp-json\/wp\/v2\/comments?post=1872"}],"version-history":[{"count":5,"href":"https:\/\/www.drscottgreen.com\/es\/wp-json\/wp\/v2\/pages\/1872\/revisions"}],"predecessor-version":[{"id":11795,"href":"https:\/\/www.drscottgreen.com\/es\/wp-json\/wp\/v2\/pages\/1872\/revisions\/11795"}],"wp:attachment":[{"href":"https:\/\/www.drscottgreen.com\/es\/wp-json\/wp\/v2\/media?parent=1872"}],"curies":[{"name":"wp","href":"https:\/\/api.w.org\/{rel}","templated":true}]}}